{"id":1597,"date":"2023-11-04T06:58:03","date_gmt":"2023-11-04T05:58:03","guid":{"rendered":"https:\/\/lamourouxmaxime.com\/?page_id=1597"},"modified":"2023-11-04T15:05:56","modified_gmt":"2023-11-04T14:05:56","slug":"a-propos","status":"publish","type":"page","link":"https:\/\/lamourouxmaxime.com\/index.php\/a-propos\/","title":{"rendered":"\u00c0 PROPOS"},"content":{"rendered":"\n[et_pb_section fb_built=&#8221;1&#8243; _builder_version=&#8221;4.16&#8243; _module_preset=&#8221;default&#8221; max_width=&#8221;100%&#8221; min_height=&#8221;334.5px&#8221; custom_margin=&#8221;-102px||-108px||false|false&#8221; locked=&#8221;off&#8221; global_colors_info=&#8221;{}&#8221;][et_pb_row _builder_version=&#8221;4.16&#8243; _module_preset=&#8221;default&#8221; custom_margin=&#8221;|auto|-118px|auto||&#8221; custom_padding=&#8221;||139px|||&#8221; global_colors_info=&#8221;{}&#8221;][et_pb_column type=&#8221;4_4&#8243; _builder_version=&#8221;4.16&#8243; _module_preset=&#8221;default&#8221; global_colors_info=&#8221;{}&#8221;][et_pb_text _builder_version=&#8221;4.23&#8243; _module_preset=&#8221;default&#8221; text_font=&#8221;Chivo|700|||||||&#8221; text_text_color=&#8221;#242424&#8243; text_font_size=&#8221;32px&#8221; text_line_height=&#8221;3em&#8221; text_orientation=&#8221;center&#8221; min_height=&#8221;110px&#8221; custom_margin=&#8221;37px||||false|false&#8221; custom_padding=&#8221;||1px|||&#8221; global_colors_info=&#8221;{}&#8221;]<p>Maxime Lamouroux<\/p>[\/et_pb_text][et_pb_text _builder_version=&#8221;4.23&#8243; _module_preset=&#8221;default&#8221; text_text_color=&#8221;#B3B3B3&#8243; text_orientation=&#8221;center&#8221; custom_margin=&#8221;-71px||||false|false&#8221; text_text_color_tablet=&#8221;&#8221; text_text_color_phone=&#8221;&#8221; text_text_color_last_edited=&#8221;on|desktop&#8221; global_colors_info=&#8221;{}&#8221;]<p>Art Director &amp; Motion designer<\/p>[\/et_pb_text][\/et_pb_column][\/et_pb_row][et_pb_row column_structure=&#8221;1_3,1_3,1_3&#8243; _builder_version=&#8221;4.16&#8243; _module_preset=&#8221;default&#8221; min_height=&#8221;63px&#8221; custom_padding=&#8221;|100px||100px||&#8221; global_colors_info=&#8221;{}&#8221;][et_pb_column type=&#8221;1_3&#8243; _builder_version=&#8221;4.16&#8243; _module_preset=&#8221;default&#8221; global_colors_info=&#8221;{}&#8221;][et_pb_button button_url=&#8221;https:\/\/lamourouxmaxime.com\/&#8221; button_text=&#8221;SELECTED WORKS&#8221; button_alignment=&#8221;center&#8221; _builder_version=&#8221;4.23&#8243; _module_preset=&#8221;default&#8221; custom_button=&#8221;on&#8221; button_text_color=&#8221;#242424&#8243; button_bg_color=&#8221;RGBA(0,0,0,0)&#8221; button_border_color=&#8221;RGBA(0,0,0,0)&#8221; button_font=&#8221;Chivo|300|||||||&#8221; global_colors_info=&#8221;{}&#8221;][\/et_pb_button][\/et_pb_column][et_pb_column type=&#8221;1_3&#8243; _builder_version=&#8221;4.16&#8243; _module_preset=&#8221;default&#8221; global_colors_info=&#8221;{}&#8221;][et_pb_button button_text=&#8221;\u00c0 PROPOS&#8221; button_alignment=&#8221;center&#8221; _builder_version=&#8221;4.23&#8243; _module_preset=&#8221;default&#8221; custom_button=&#8221;on&#8221; button_text_color=&#8221;#242424&#8243; button_bg_color=&#8221;RGBA(0,0,0,0)&#8221; button_border_color=&#8221;RGBA(0,0,0,0)&#8221; button_font=&#8221;Chivo|300|||on||||&#8221; button_use_icon=&#8221;off&#8221; global_colors_info=&#8221;{}&#8221;][\/et_pb_button][\/et_pb_column][et_pb_column type=&#8221;1_3&#8243; _builder_version=&#8221;4.16&#8243; _module_preset=&#8221;default&#8221; global_colors_info=&#8221;{}&#8221;][et_pb_button button_text=&#8221;CONTACT&#8221; button_alignment=&#8221;center&#8221; _builder_version=&#8221;4.23&#8243; _module_preset=&#8221;default&#8221; custom_button=&#8221;on&#8221; button_text_color=&#8221;#242424&#8243; button_bg_color=&#8221;RGBA(0,0,0,0)&#8221; button_border_color=&#8221;RGBA(0,0,0,0)&#8221; button_font=&#8221;Chivo|300|||||||&#8221; hover_enabled=&#8221;0&#8243; global_colors_info=&#8221;{}&#8221; button_url=&#8221;https:\/\/lamourouxmaxime.com\/index.php\/contact-2\/&#8221; sticky_enabled=&#8221;0&#8243;][\/et_pb_button][\/et_pb_column][\/et_pb_row][et_pb_row _builder_version=&#8221;4.23&#8243; _module_preset=&#8221;default&#8221; global_colors_info=&#8221;{}&#8221;][et_pb_column type=&#8221;4_4&#8243; _builder_version=&#8221;4.23&#8243; _module_preset=&#8221;default&#8221; global_colors_info=&#8221;{}&#8221;][et_pb_text _builder_version=&#8221;4.23&#8243; _module_preset=&#8221;default&#8221; text_font=&#8221;Chivo||||||||&#8221; text_text_color=&#8221;#242424&#8243; text_font_size=&#8221;17px&#8221; text_line_height=&#8221;1.5em&#8221; header_font_size=&#8221;53px&#8221; header_line_height=&#8221;1.3em&#8221; text_orientation=&#8221;center&#8221; custom_margin=&#8221;21px||26px||false|false&#8221; custom_padding=&#8221;0px||||false|false&#8221; global_colors_info=&#8221;{}&#8221;]<p><strong>Nom du personnage<\/strong>: Maxime<\/p>\n<p><strong>\u00c2ge<\/strong>: 24 ans<\/p>\n<p><strong>Sp\u00e9cialisation<\/strong>: Direction artistique et Motion Design<\/p>\n<p><strong>Histoire du personnage<\/strong>: Maxime est un jeune dipl\u00f4m\u00e9 de l&#8217;\u00e9cole E-artsup, o\u00f9 il a \u00e9tudi\u00e9 la direction artistique, avec une attention particuli\u00e8re pour le motion design. Son parcours acad\u00e9mique l&#8217;a conduit \u00e0 deux ann\u00e9es d&#8217;alternance. Dans un premier temps, il a travaill\u00e9 en tant que graphiste chez D\u00e9kuple, contribuant au renouvellement de l&#8217;image de l&#8217;entreprise. Par la suite, il a eu l&#8217;opportunit\u00e9 de rejoindre Zamak Design pour sa deuxi\u00e8me ann\u00e9e, o\u00f9 il a continu\u00e9 \u00e0 d\u00e9velopper ses comp\u00e9tences en motion design et en tant qu&#8217;artiste 3D.<\/p>\n<p><strong>Passions et comp\u00e9tences<\/strong>: Maxime est passionn\u00e9 par diff\u00e9rentes formes artistiques, incluant le dessin, la cr\u00e9ation d&#8217;environnements visuels, la 3D, le sport, la bande dessin\u00e9e, le cin\u00e9ma et la musique. Ses comp\u00e9tences artistiques sont \u00e0 la base de son travail en motion design, o\u00f9 il cherche \u00e0 constamment s&#8217;am\u00e9liorer pour offrir des exp\u00e9riences visuelles captivantes. Son objectif est de repousser ses limites cr\u00e9atives et de cr\u00e9er des exp\u00e9riences visuelles m\u00e9morables, en mettant en avant sa passion pour l&#8217;art et la technologie.<\/p>\n<p>Maxime est un personnage toujours en qu\u00eate de nouvelles opportunit\u00e9s pour d\u00e9velopper ses comp\u00e9tences et apporter une contribution positive \u00e0 des projets artistiques et cr\u00e9atifs. Son d\u00e9vouement envers son art est une caract\u00e9ristique essentielle de sa personnalit\u00e9, et il aspire \u00e0 partager sa cr\u00e9ativit\u00e9 avec les autres.<\/p>\n<p>&nbsp;<\/p>[\/et_pb_text][\/et_pb_column][\/et_pb_row][\/et_pb_section]\n","protected":false},"excerpt":{"rendered":"<p>Maxime LamourouxArt Director &amp; Motion designerNom du personnage: Maxime \u00c2ge: 24 ans Sp\u00e9cialisation: Direction artistique et Motion Design Histoire du personnage: Maxime est un jeune dipl\u00f4m\u00e9 de l&#8217;\u00e9cole E-artsup, o\u00f9 il a \u00e9tudi\u00e9 la direction artistique, avec une attention particuli\u00e8re pour le motion design. Son parcours acad\u00e9mique l&#8217;a conduit \u00e0 deux ann\u00e9es d&#8217;alternance. Dans un [&hellip;]<\/p>\n","protected":false},"author":1,"featured_media":0,"parent":0,"menu_order":0,"comment_status":"closed","ping_status":"closed","template":"","meta":{"_et_pb_use_builder":"on","_et_pb_old_content":"","_et_gb_content_width":"","footnotes":""},"class_list":["post-1597","page","type-page","status-publish","hentry"],"_links":{"self":[{"href":"https:\/\/lamourouxmaxime.com\/index.php\/wp-json\/wp\/v2\/pages\/1597"}],"collection":[{"href":"https:\/\/lamourouxmaxime.com\/index.php\/wp-json\/wp\/v2\/pages"}],"about":[{"href":"https:\/\/lamourouxmaxime.com\/index.php\/wp-json\/wp\/v2\/types\/page"}],"author":[{"embeddable":true,"href":"https:\/\/lamourouxmaxime.com\/index.php\/wp-json\/wp\/v2\/users\/1"}],"replies":[{"embeddable":true,"href":"https:\/\/lamourouxmaxime.com\/index.php\/wp-json\/wp\/v2\/comments?post=1597"}],"version-history":[{"count":6,"href":"https:\/\/lamourouxmaxime.com\/index.php\/wp-json\/wp\/v2\/pages\/1597\/revisions"}],"predecessor-version":[{"id":1643,"href":"https:\/\/lamourouxmaxime.com\/index.php\/wp-json\/wp\/v2\/pages\/1597\/revisions\/1643"}],"wp:attachment":[{"href":"https:\/\/lamourouxmaxime.com\/index.php\/wp-json\/wp\/v2\/media?parent=1597"}],"curies":[{"name":"wp","href":"https:\/\/api.w.org\/{rel}","templated":true}]}}